{"id":407,"date":"2020-11-16T16:08:21","date_gmt":"2020-11-16T15:08:21","guid":{"rendered":"http:\/\/socypsanitaire.com\/?page_id=407\/"},"modified":"2020-11-16T16:08:21","modified_gmt":"2020-11-16T15:08:21","slug":"who-are-we","status":"publish","type":"page","link":"https:\/\/socypsanitaire.com\/en\/who-are-we\/","title":{"rendered":"who are we"},"content":{"rendered":"<div class=\"section-full aboutus\">\r\n    <div class=\"row m-lr0\">\r\n        <div\r\n            class=\"col-xl-6 col-lg-12 p-lr0 d-flex dis-tbl latest-project-info bg-primary wow fadeInRight\"\r\n            style=\"visibility: visible; animation-duration: 2s; animation-delay: 0.3s; animation-name: fadeInLeft;\"\r\n            data-wow-duration=\"2s\"\r\n            data-wow-delay=\"0.3s\"\r\n        >\r\n            <div class=\"text-white align-self-center\">\r\n                <h2>Notre histoire<\/h2>\r\n                <h3>Votre satisfaction est notre priorit\u00e9 depuis 2007<\/h3>\r\n                <p class=\"text-white\">\r\n                    Depuis 2007, SOCYP SANIATIRE a su \u00e9voluer au rythme des besoins du march\u00e9 et des attentes de ses clients. Avec plus de 13 ans d\u2019exp\u00e9rience, notre entreprise a su consolider son expertise et se positionner sur ses march\u00e9s\r\n                    en proposant des gammes compl\u00e8tes et compl\u00e9mentaires (+ de 1000 r\u00e9f\u00e9rences de produits en stock).\r\n                <\/p>\r\n                <h3>Notre histoire a commenc\u00e9 en 2007&#8230;<\/h3>\r\n                <p class=\"text-white\">Au fil des ann\u00e9es, nous avons r\u00e9ussi \u00e0 faire de nos clients nos partenaires. Satisfait ou satisfait\u2026c\u2019est notre devise.<\/p>\r\n                <p class=\"text-white\">\r\n                    Ayant bien conscience de la valeur de l\u2019humain dans notre business, nous accordons une attention particuli\u00e8re \u00e0 nos collaborateurs et \u00e0 leur \u00e9panouissement. Nous veillons \u00e0 mettre notre capital humain comme acteur\r\n                    principal en le pla\u00e7ant au c\u0153ur de notre strat\u00e9gie d\u2019entreprise.\r\n                <\/p>\r\n                <a class=\"site-button btnhover13 white\" href=\"http:\/\/socypsanitaire.com\/contact\/\">Devenir un client SOCYP<\/a>\r\n            <\/div>\r\n        <\/div>\r\n        <div class=\"col-xl-6 col-lg-12 p-lr0 wow fadeInLeft\" style=\"visibility: visible; animation-duration: 2s; animation-delay: 0.3s; animation-name: fadeInRight;\" data-wow-duration=\"2s\" data-wow-delay=\"0.3s\">\r\n            <div class=\"dlab-box overlay-gallery-bx1 lightgallery\">\r\n                <div class=\"dlab-thum dlab-img-overlay1 primary\">\r\n                    <a> <img decoding=\"async\" class=\"img-cover\" src=\"http:\/\/socypsanitaire.com\/wp-content\/themes\/socyp\/images\/gallery\/accesoire-sanitaire-tunisie.jpg\" alt=\"\" \/> <\/a>\r\n                    <div class=\"overlay-bx\">\r\n                        <div class=\"overlay-icon\"><\/div>\r\n                    <\/div>\r\n                <\/div>\r\n            <\/div>\r\n        <\/div>\r\n    <\/div>\r\n<\/div>\r\n","protected":false},"excerpt":{"rendered":"<p>Notre histoire Votre satisfaction est notre priorit\u00e9 depuis 2007 Depuis 2007, SOCYP SANIATIRE a su \u00e9voluer au rythme des besoins du march\u00e9 et des attentes de ses clients. Avec plus de 13 ans d\u2019exp\u00e9rience, notre entreprise a su consolider son expertise et se positionner sur ses march\u00e9s en proposant des gammes compl\u00e8tes et compl\u00e9mentaires (+ [&hellip;]<\/p>\n","protected":false},"author":1,"featured_media":0,"parent":0,"menu_order":0,"comment_status":"closed","ping_status":"closed","template":"","meta":{"footnotes":""},"yoast_head":"<!-- This site is optimized with the Yoast SEO plugin v22.8 - https:\/\/yoast.com\/wordpress\/plugins\/seo\/ -->\n<title>who are we - Socyp sanitaire<\/title>\n<meta name=\"robots\" content=\"index, follow, max-snippet:-1, max-image-preview:large, max-video-preview:-1\" \/>\n<link rel=\"canonical\" href=\"https:\/\/socypsanitaire.com\/en\/who-are-we\/\" \/>\n<meta property=\"og:locale\" content=\"en_US\" \/>\n<meta property=\"og:type\" content=\"article\" \/>\n<meta property=\"og:title\" content=\"who are we - Socyp sanitaire\" \/>\n<meta property=\"og:description\" content=\"Notre histoire Votre satisfaction est notre priorit\u00e9 depuis 2007 Depuis 2007, SOCYP SANIATIRE a su \u00e9voluer au rythme des besoins du march\u00e9 et des attentes de ses clients. Avec plus de 13 ans d\u2019exp\u00e9rience, notre entreprise a su consolider son expertise et se positionner sur ses march\u00e9s en proposant des gammes compl\u00e8tes et compl\u00e9mentaires (+ [&hellip;]\" \/>\n<meta property=\"og:url\" content=\"https:\/\/socypsanitaire.com\/en\/who-are-we\/\" \/>\n<meta property=\"og:site_name\" content=\"Socyp sanitaire\" \/>\n<meta property=\"og:image\" content=\"http:\/\/socypsanitaire.com\/wp-content\/themes\/socyp\/images\/gallery\/accesoire-sanitaire-tunisie.jpg\" \/>\n<meta name=\"twitter:card\" content=\"summary_large_image\" \/>\n<meta name=\"twitter:label1\" content=\"Est. reading time\" \/>\n\t<meta name=\"twitter:data1\" content=\"1 minute\" \/>\n<script type=\"application\/ld+json\" class=\"yoast-schema-graph\">{\"@context\":\"https:\/\/schema.org\",\"@graph\":[{\"@type\":\"WebPage\",\"@id\":\"https:\/\/socypsanitaire.com\/en\/who-are-we\/\",\"url\":\"https:\/\/socypsanitaire.com\/en\/who-are-we\/\",\"name\":\"who are we - Socyp sanitaire\",\"isPartOf\":{\"@id\":\"https:\/\/socypsanitaire.com\/#website\"},\"primaryImageOfPage\":{\"@id\":\"https:\/\/socypsanitaire.com\/en\/who-are-we\/#primaryimage\"},\"image\":{\"@id\":\"https:\/\/socypsanitaire.com\/en\/who-are-we\/#primaryimage\"},\"thumbnailUrl\":\"http:\/\/socypsanitaire.com\/wp-content\/themes\/socyp\/images\/gallery\/accesoire-sanitaire-tunisie.jpg\",\"datePublished\":\"2020-11-16T15:08:21+00:00\",\"dateModified\":\"2020-11-16T15:08:21+00:00\",\"breadcrumb\":{\"@id\":\"https:\/\/socypsanitaire.com\/en\/who-are-we\/#breadcrumb\"},\"inLanguage\":\"en-US\",\"potentialAction\":[{\"@type\":\"ReadAction\",\"target\":[\"https:\/\/socypsanitaire.com\/en\/who-are-we\/\"]}]},{\"@type\":\"ImageObject\",\"inLanguage\":\"en-US\",\"@id\":\"https:\/\/socypsanitaire.com\/en\/who-are-we\/#primaryimage\",\"url\":\"http:\/\/socypsanitaire.com\/wp-content\/themes\/socyp\/images\/gallery\/accesoire-sanitaire-tunisie.jpg\",\"contentUrl\":\"http:\/\/socypsanitaire.com\/wp-content\/themes\/socyp\/images\/gallery\/accesoire-sanitaire-tunisie.jpg\"},{\"@type\":\"BreadcrumbList\",\"@id\":\"https:\/\/socypsanitaire.com\/en\/who-are-we\/#breadcrumb\",\"itemListElement\":[{\"@type\":\"ListItem\",\"position\":1,\"name\":\"Accueil\",\"item\":\"https:\/\/socypsanitaire.com\/\"},{\"@type\":\"ListItem\",\"position\":2,\"name\":\"who are we\"}]},{\"@type\":\"WebSite\",\"@id\":\"https:\/\/socypsanitaire.com\/#website\",\"url\":\"https:\/\/socypsanitaire.com\/\",\"name\":\"Socyp sanitaire\",\"description\":\"Fabricant des accessoires sanitaire en Tunisie\",\"publisher\":{\"@id\":\"https:\/\/socypsanitaire.com\/#organization\"},\"potentialAction\":[{\"@type\":\"SearchAction\",\"target\":{\"@type\":\"EntryPoint\",\"urlTemplate\":\"https:\/\/socypsanitaire.com\/?s={search_term_string}\"},\"query-input\":\"required name=search_term_string\"}],\"inLanguage\":\"en-US\"},{\"@type\":\"Organization\",\"@id\":\"https:\/\/socypsanitaire.com\/#organization\",\"name\":\"Socyp sanitaire\",\"url\":\"https:\/\/socypsanitaire.com\/\",\"logo\":{\"@type\":\"ImageObject\",\"inLanguage\":\"en-US\",\"@id\":\"https:\/\/socypsanitaire.com\/#\/schema\/logo\/image\/\",\"url\":\"https:\/\/socypsanitaire.hypergroup.com.tn\/wp-content\/uploads\/2023\/01\/logo-Socyp.png\",\"contentUrl\":\"https:\/\/socypsanitaire.hypergroup.com.tn\/wp-content\/uploads\/2023\/01\/logo-Socyp.png\",\"width\":220,\"height\":66,\"caption\":\"Socyp sanitaire\"},\"image\":{\"@id\":\"https:\/\/socypsanitaire.com\/#\/schema\/logo\/image\/\"}}]}<\/script>\n<!-- \/ Yoast SEO plugin. -->","yoast_head_json":{"title":"who are we - Socyp sanitaire","robots":{"index":"index","follow":"follow","max-snippet":"max-snippet:-1","max-image-preview":"max-image-preview:large","max-video-preview":"max-video-preview:-1"},"canonical":"https:\/\/socypsanitaire.com\/en\/who-are-we\/","og_locale":"en_US","og_type":"article","og_title":"who are we - Socyp sanitaire","og_description":"Notre histoire Votre satisfaction est notre priorit\u00e9 depuis 2007 Depuis 2007, SOCYP SANIATIRE a su \u00e9voluer au rythme des besoins du march\u00e9 et des attentes de ses clients. Avec plus de 13 ans d\u2019exp\u00e9rience, notre entreprise a su consolider son expertise et se positionner sur ses march\u00e9s en proposant des gammes compl\u00e8tes et compl\u00e9mentaires (+ [&hellip;]","og_url":"https:\/\/socypsanitaire.com\/en\/who-are-we\/","og_site_name":"Socyp sanitaire","og_image":[{"url":"http:\/\/socypsanitaire.com\/wp-content\/themes\/socyp\/images\/gallery\/accesoire-sanitaire-tunisie.jpg"}],"twitter_card":"summary_large_image","twitter_misc":{"Est. reading time":"1 minute"},"schema":{"@context":"https:\/\/schema.org","@graph":[{"@type":"WebPage","@id":"https:\/\/socypsanitaire.com\/en\/who-are-we\/","url":"https:\/\/socypsanitaire.com\/en\/who-are-we\/","name":"who are we - Socyp sanitaire","isPartOf":{"@id":"https:\/\/socypsanitaire.com\/#website"},"primaryImageOfPage":{"@id":"https:\/\/socypsanitaire.com\/en\/who-are-we\/#primaryimage"},"image":{"@id":"https:\/\/socypsanitaire.com\/en\/who-are-we\/#primaryimage"},"thumbnailUrl":"http:\/\/socypsanitaire.com\/wp-content\/themes\/socyp\/images\/gallery\/accesoire-sanitaire-tunisie.jpg","datePublished":"2020-11-16T15:08:21+00:00","dateModified":"2020-11-16T15:08:21+00:00","breadcrumb":{"@id":"https:\/\/socypsanitaire.com\/en\/who-are-we\/#breadcrumb"},"inLanguage":"en-US","potentialAction":[{"@type":"ReadAction","target":["https:\/\/socypsanitaire.com\/en\/who-are-we\/"]}]},{"@type":"ImageObject","inLanguage":"en-US","@id":"https:\/\/socypsanitaire.com\/en\/who-are-we\/#primaryimage","url":"http:\/\/socypsanitaire.com\/wp-content\/themes\/socyp\/images\/gallery\/accesoire-sanitaire-tunisie.jpg","contentUrl":"http:\/\/socypsanitaire.com\/wp-content\/themes\/socyp\/images\/gallery\/accesoire-sanitaire-tunisie.jpg"},{"@type":"BreadcrumbList","@id":"https:\/\/socypsanitaire.com\/en\/who-are-we\/#breadcrumb","itemListElement":[{"@type":"ListItem","position":1,"name":"Accueil","item":"https:\/\/socypsanitaire.com\/"},{"@type":"ListItem","position":2,"name":"who are we"}]},{"@type":"WebSite","@id":"https:\/\/socypsanitaire.com\/#website","url":"https:\/\/socypsanitaire.com\/","name":"Socyp sanitaire","description":"Fabricant des accessoires sanitaire en Tunisie","publisher":{"@id":"https:\/\/socypsanitaire.com\/#organization"},"potentialAction":[{"@type":"SearchAction","target":{"@type":"EntryPoint","urlTemplate":"https:\/\/socypsanitaire.com\/?s={search_term_string}"},"query-input":"required name=search_term_string"}],"inLanguage":"en-US"},{"@type":"Organization","@id":"https:\/\/socypsanitaire.com\/#organization","name":"Socyp sanitaire","url":"https:\/\/socypsanitaire.com\/","logo":{"@type":"ImageObject","inLanguage":"en-US","@id":"https:\/\/socypsanitaire.com\/#\/schema\/logo\/image\/","url":"https:\/\/socypsanitaire.hypergroup.com.tn\/wp-content\/uploads\/2023\/01\/logo-Socyp.png","contentUrl":"https:\/\/socypsanitaire.hypergroup.com.tn\/wp-content\/uploads\/2023\/01\/logo-Socyp.png","width":220,"height":66,"caption":"Socyp sanitaire"},"image":{"@id":"https:\/\/socypsanitaire.com\/#\/schema\/logo\/image\/"}}]}},"_links":{"self":[{"href":"https:\/\/socypsanitaire.com\/en\/wp-json\/wp\/v2\/pages\/407"}],"collection":[{"href":"https:\/\/socypsanitaire.com\/en\/wp-json\/wp\/v2\/pages"}],"about":[{"href":"https:\/\/socypsanitaire.com\/en\/wp-json\/wp\/v2\/types\/page"}],"author":[{"embeddable":true,"href":"https:\/\/socypsanitaire.com\/en\/wp-json\/wp\/v2\/users\/1"}],"replies":[{"embeddable":true,"href":"https:\/\/socypsanitaire.com\/en\/wp-json\/wp\/v2\/comments?post=407"}],"version-history":[{"count":1,"href":"https:\/\/socypsanitaire.com\/en\/wp-json\/wp\/v2\/pages\/407\/revisions"}],"predecessor-version":[{"id":408,"href":"https:\/\/socypsanitaire.com\/en\/wp-json\/wp\/v2\/pages\/407\/revisions\/408"}],"wp:attachment":[{"href":"https:\/\/socypsanitaire.com\/en\/wp-json\/wp\/v2\/media?parent=407"}],"curies":[{"name":"wp","href":"https:\/\/api.w.org\/{rel}","templated":true}]}}